{"id":12659,"date":"2025-04-22T21:16:32","date_gmt":"2025-04-22T21:16:32","guid":{"rendered":"https:\/\/emmirmilano.com\/product\/di-parma\/"},"modified":"2025-06-10T00:04:24","modified_gmt":"2025-06-10T00:04:24","slug":"di-parma","status":"publish","type":"product","link":"https:\/\/emmirmilano.com\/it\/prodotto\/di-parma\/","title":{"rendered":"DI PARMA"},"content":{"rendered":"<p>Di Parma \u00e8 elegante con influenze legnose e floreali che trasmettono la personalit\u00e0 accogliente della citt\u00e0.<\/p>\n<p><strong>50 ML <\/strong><\/p>\n<ul>\n<li>Spedizione gratuita<\/li>\n<li>Ordina entro le 14:30 per la consegna in giornata.<\/li>\n<\/ul>\n<p>\t\t\t\t\t<a href=\"https:\/\/emmirmilano.com\/?add-to-cart=10709&#038;quantity=1\"><br \/>\n\t\t\t\t\t\t\t\t\tOrdina ora<br \/>\n\t\t\t\t\t<\/a><\/p>\n","protected":false},"excerpt":{"rendered":"<p>Questo profumo cattura la luce e l&#8217;essenza di Parma, un&#8217;affascinante citt\u00e0 della regione Emilia-Romagna, nota per il suo ricco patrimonio culinario, la musica e l&#8217;eleganza. Questa fragranza evoca la freschezza, l\u2019autenticit\u00e0 e la grazia che definiscono la citt\u00e0. \u00c8 un omaggio alla pittoresca citt\u00e0 che ha donato al mondo uno stile di vita caloroso e accogliente.<\/p>\n","protected":false},"featured_media":13835,"template":"","meta":[],"product_brand":[],"product_cat":[166],"product_tag":[],"class_list":{"0":"post-12659","1":"product","2":"type-product","3":"status-publish","4":"has-post-thumbnail","6":"product_cat-fragranza-legnosa-e-floreale","8":"first","9":"instock","10":"shipping-taxable","11":"purchasable","12":"product-type-simple"},"_links":{"self":[{"href":"https:\/\/emmirmilano.com\/it\/wp-json\/wp\/v2\/product\/12659","targetHints":{"allow":["GET"]}}],"collection":[{"href":"https:\/\/emmirmilano.com\/it\/wp-json\/wp\/v2\/product"}],"about":[{"href":"https:\/\/emmirmilano.com\/it\/wp-json\/wp\/v2\/types\/product"}],"wp:featuredmedia":[{"embeddable":true,"href":"https:\/\/emmirmilano.com\/it\/wp-json\/wp\/v2\/media\/13835"}],"wp:attachment":[{"href":"https:\/\/emmirmilano.com\/it\/wp-json\/wp\/v2\/media?parent=12659"}],"wp:term":[{"taxonomy":"product_brand","embeddable":true,"href":"https:\/\/emmirmilano.com\/it\/wp-json\/wp\/v2\/product_brand?post=12659"},{"taxonomy":"product_cat","embeddable":true,"href":"https:\/\/emmirmilano.com\/it\/wp-json\/wp\/v2\/product_cat?post=12659"},{"taxonomy":"product_tag","embeddable":true,"href":"https:\/\/emmirmilano.com\/it\/wp-json\/wp\/v2\/product_tag?post=12659"}],"curies":[{"name":"wp","href":"https:\/\/api.w.org\/{rel}","templated":true}]}}