{"id":12651,"date":"2025-04-22T21:29:17","date_gmt":"2025-04-22T21:29:17","guid":{"rendered":"https:\/\/emmirmilano.com\/product\/verona\/"},"modified":"2025-06-09T23:59:41","modified_gmt":"2025-06-09T23:59:41","slug":"verona","status":"publish","type":"product","link":"https:\/\/emmirmilano.com\/it\/prodotto\/verona\/","title":{"rendered":"VERONA"},"content":{"rendered":"<p>Verona \u00e8 una pioggia floreale e fruttata che rappresenta la passione di una citt\u00e0 che ispira migliaia di storie d&#8217;amore attraverso le sue strade romantiche.<\/p>\n<p><strong>50 ML<\/strong><\/p>\n<ul>\n<li>Spedizione gratuita<\/li>\n<li>Ordina entro le 14:30 per la consegna in giornata.<\/li>\n<\/ul>\n<p>\t\t\t\t\t<a href=\"https:\/\/emmirmilano.com\/?add-to-cart=10729&#038;quantity=1\"><br \/>\n\t\t\t\t\t\t\t\t\tOrdina ora<br \/>\n\t\t\t\t\t<\/a><\/p>\n","protected":false},"excerpt":{"rendered":"<p>Questo profumo racchiude l&#8217;essenza della citt\u00e0 magica situata nel nord Italia, conosciuta per la sua storia romantica, l&#8217;antica architettura e l&#8217;amore eterno celebrato nella celebre opera di Shakespeare, <em data-start=\"200\" data-end=\"218\">Romeo e Giulietta<\/em> Questa fragranza evoca l&#8217;eleganza della citt\u00e0, la passione dell&#8217;amore e l&#8217;autenticit\u00e0 del suo patrimonio. \u00c8 un omaggio alla citt\u00e0 che da secoli \u00e8 simbolo di romanticismo.<\/p>\n","protected":false},"featured_media":13753,"template":"","meta":[],"product_brand":[],"product_cat":[162],"product_tag":[],"class_list":{"0":"post-12651","1":"product","2":"type-product","3":"status-publish","4":"has-post-thumbnail","6":"product_cat-fruity-floral-scent-it","8":"first","9":"instock","10":"shipping-taxable","11":"purchasable","12":"product-type-simple"},"_links":{"self":[{"href":"https:\/\/emmirmilano.com\/it\/wp-json\/wp\/v2\/product\/12651","targetHints":{"allow":["GET"]}}],"collection":[{"href":"https:\/\/emmirmilano.com\/it\/wp-json\/wp\/v2\/product"}],"about":[{"href":"https:\/\/emmirmilano.com\/it\/wp-json\/wp\/v2\/types\/product"}],"wp:featuredmedia":[{"embeddable":true,"href":"https:\/\/emmirmilano.com\/it\/wp-json\/wp\/v2\/media\/13753"}],"wp:attachment":[{"href":"https:\/\/emmirmilano.com\/it\/wp-json\/wp\/v2\/media?parent=12651"}],"wp:term":[{"taxonomy":"product_brand","embeddable":true,"href":"https:\/\/emmirmilano.com\/it\/wp-json\/wp\/v2\/product_brand?post=12651"},{"taxonomy":"product_cat","embeddable":true,"href":"https:\/\/emmirmilano.com\/it\/wp-json\/wp\/v2\/product_cat?post=12651"},{"taxonomy":"product_tag","embeddable":true,"href":"https:\/\/emmirmilano.com\/it\/wp-json\/wp\/v2\/product_tag?post=12651"}],"curies":[{"name":"wp","href":"https:\/\/api.w.org\/{rel}","templated":true}]}}