{"id":12641,"date":"2025-04-22T21:39:40","date_gmt":"2025-04-22T21:39:40","guid":{"rendered":"https:\/\/emmirmilano.com\/product\/napoli\/"},"modified":"2026-03-03T04:46:10","modified_gmt":"2026-03-03T04:46:10","slug":"napoli","status":"publish","type":"product","link":"https:\/\/emmirmilano.com\/it\/prodotto\/napoli\/","title":{"rendered":"NAPOLI"},"content":{"rendered":"<p>Napoli ha una personalit\u00e0 fruttata e floreale che simboleggia l&#8217;essenza confortante ed energica della citt\u00e0.<\/p>\n<p>50 ML<\/p>\n<ul>\n<li>Spedizione gratuita<\/li>\n<li>Ordina entro le 14:30 per la consegna in giornata.<\/li>\n<\/ul>\n<p>\t\t\t\t\t<a href=\"https:\/\/emmirmilano.com\/?add-to-cart=10754&#038;quantity=1\"><br \/>\n\t\t\t\t\t\t\t\t\tOrdina ora<br \/>\n\t\t\t\t\t<\/a><\/p>\n","protected":false},"excerpt":{"rendered":"<p>Questo profumo cattura la vibrante energia e la ricca storia di Napoli, un \u201cappassionata citt\u00e0 situata sulla costa sud-occidentale dell\u201d Italia, nota per la sua vitalit\u00e0, il cibo e la vicinanza al Vesuvio. Questa fragranza evoca il calore, l&#8217;intensit\u00e0 e l&#8217;autenticit\u00e0 dell&#8217;opera e della vivace vita notturna che caratterizzano Napoli.<\/p>\n","protected":false},"featured_media":13704,"template":"","meta":[],"product_brand":[],"product_cat":[162],"product_tag":[],"class_list":{"0":"post-12641","1":"product","2":"type-product","3":"status-publish","4":"has-post-thumbnail","6":"product_cat-fruity-floral-scent-it","8":"first","9":"instock","10":"shipping-taxable","11":"purchasable","12":"product-type-simple"},"_links":{"self":[{"href":"https:\/\/emmirmilano.com\/it\/wp-json\/wp\/v2\/product\/12641","targetHints":{"allow":["GET"]}}],"collection":[{"href":"https:\/\/emmirmilano.com\/it\/wp-json\/wp\/v2\/product"}],"about":[{"href":"https:\/\/emmirmilano.com\/it\/wp-json\/wp\/v2\/types\/product"}],"wp:featuredmedia":[{"embeddable":true,"href":"https:\/\/emmirmilano.com\/it\/wp-json\/wp\/v2\/media\/13704"}],"wp:attachment":[{"href":"https:\/\/emmirmilano.com\/it\/wp-json\/wp\/v2\/media?parent=12641"}],"wp:term":[{"taxonomy":"product_brand","embeddable":true,"href":"https:\/\/emmirmilano.com\/it\/wp-json\/wp\/v2\/product_brand?post=12641"},{"taxonomy":"product_cat","embeddable":true,"href":"https:\/\/emmirmilano.com\/it\/wp-json\/wp\/v2\/product_cat?post=12641"},{"taxonomy":"product_tag","embeddable":true,"href":"https:\/\/emmirmilano.com\/it\/wp-json\/wp\/v2\/product_tag?post=12641"}],"curies":[{"name":"wp","href":"https:\/\/api.w.org\/{rel}","templated":true}]}}