{"id":12605,"date":"2025-04-26T20:37:23","date_gmt":"2025-04-26T20:37:23","guid":{"rendered":"https:\/\/emmirmilano.com\/house-of-emmir-2025\/"},"modified":"2025-07-04T14:06:39","modified_gmt":"2025-07-04T14:06:39","slug":"house-of-emmir-2025","status":"publish","type":"page","link":"https:\/\/emmirmilano.com\/it\/house-of-emmir-2025\/","title":{"rendered":"HOUSE OF EMMIR 2025"},"content":{"rendered":"<h2>Casa Emmir Milano<br \/>\n<\/h2>\n<p>\t\t\t\t\t\t\t\t\t\t\t\t\t\t\t<img decoding=\"async\" width=\"1024\" height=\"1024\" src=\"https:\/\/emmirmilano.com\/wp-content\/uploads\/2025\/04\/uzziel_46452_close-up_of_a_luxury_perfume_laboratory_table_glas_5ca7a6b9-e1ae-4757-909b-e831c340ee77.png\" alt=\"\" srcset=\"https:\/\/emmirmilano.com\/wp-content\/uploads\/2025\/04\/uzziel_46452_close-up_of_a_luxury_perfume_laboratory_table_glas_5ca7a6b9-e1ae-4757-909b-e831c340ee77.png 1024w, https:\/\/emmirmilano.com\/wp-content\/uploads\/2025\/04\/uzziel_46452_close-up_of_a_luxury_perfume_laboratory_table_glas_5ca7a6b9-e1ae-4757-909b-e831c340ee77-150x150.png 150w, https:\/\/emmirmilano.com\/wp-content\/uploads\/2025\/04\/uzziel_46452_close-up_of_a_luxury_perfume_laboratory_table_glas_5ca7a6b9-e1ae-4757-909b-e831c340ee77-800x800.png 800w, https:\/\/emmirmilano.com\/wp-content\/uploads\/2025\/04\/uzziel_46452_close-up_of_a_luxury_perfume_laboratory_table_glas_5ca7a6b9-e1ae-4757-909b-e831c340ee77-300x300.png 300w, https:\/\/emmirmilano.com\/wp-content\/uploads\/2025\/04\/uzziel_46452_close-up_of_a_luxury_perfume_laboratory_table_glas_5ca7a6b9-e1ae-4757-909b-e831c340ee77-768x768.png 768w, https:\/\/emmirmilano.com\/wp-content\/uploads\/2025\/04\/uzziel_46452_close-up_of_a_luxury_perfume_laboratory_table_glas_5ca7a6b9-e1ae-4757-909b-e831c340ee77-990x990.png 990w, https:\/\/emmirmilano.com\/wp-content\/uploads\/2025\/04\/uzziel_46452_close-up_of_a_luxury_perfume_laboratory_table_glas_5ca7a6b9-e1ae-4757-909b-e831c340ee77-441x441.png 441w, https:\/\/emmirmilano.com\/wp-content\/uploads\/2025\/04\/uzziel_46452_close-up_of_a_luxury_perfume_laboratory_table_glas_5ca7a6b9-e1ae-4757-909b-e831c340ee77-100x100.png 100w\" sizes=\"(max-width: 360px) 147px, (max-width: 1024px) 100vw, 1024px\" \/><br \/>\n\t\t\t\t\t\t\t\t\t\t\t\t\t\t\t<img decoding=\"async\" width=\"700\" height=\"700\" src=\"https:\/\/emmirmilano.com\/wp-content\/uploads\/2025\/04\/uzziel_46452_close-up_of_glass_jars_filled_with_rose_petals_cit_57a4aeaa-3a3f-4de9-9e2d-0a6a6d3a338e.png\" alt=\"\" srcset=\"https:\/\/emmirmilano.com\/wp-content\/uploads\/2025\/04\/uzziel_46452_close-up_of_glass_jars_filled_with_rose_petals_cit_57a4aeaa-3a3f-4de9-9e2d-0a6a6d3a338e.png 700w, https:\/\/emmirmilano.com\/wp-content\/uploads\/2025\/04\/uzziel_46452_close-up_of_glass_jars_filled_with_rose_petals_cit_57a4aeaa-3a3f-4de9-9e2d-0a6a6d3a338e-150x150.png 150w, https:\/\/emmirmilano.com\/wp-content\/uploads\/2025\/04\/uzziel_46452_close-up_of_glass_jars_filled_with_rose_petals_cit_57a4aeaa-3a3f-4de9-9e2d-0a6a6d3a338e-300x300.png 300w, https:\/\/emmirmilano.com\/wp-content\/uploads\/2025\/04\/uzziel_46452_close-up_of_glass_jars_filled_with_rose_petals_cit_57a4aeaa-3a3f-4de9-9e2d-0a6a6d3a338e-441x441.png 441w, https:\/\/emmirmilano.com\/wp-content\/uploads\/2025\/04\/uzziel_46452_close-up_of_glass_jars_filled_with_rose_petals_cit_57a4aeaa-3a3f-4de9-9e2d-0a6a6d3a338e-100x100.png 100w\" sizes=\"(max-width: 360px) 147px, (max-width: 700px) 100vw, 700px\" \/><br \/>\n\t\t\t\t\t\t\t\t\t\t\t\t\t\t\t<img decoding=\"async\" width=\"700\" height=\"700\" src=\"https:\/\/emmirmilano.com\/wp-content\/uploads\/2025\/04\/uzziel_46452_close-up_of_an_open_wooden_drawer_in_a_high-end_pe_0e2b355c-9fd1-47ec-89ec-96fe26f5ef2b.png\" alt=\"\" srcset=\"https:\/\/emmirmilano.com\/wp-content\/uploads\/2025\/04\/uzziel_46452_close-up_of_an_open_wooden_drawer_in_a_high-end_pe_0e2b355c-9fd1-47ec-89ec-96fe26f5ef2b.png 700w, https:\/\/emmirmilano.com\/wp-content\/uploads\/2025\/04\/uzziel_46452_close-up_of_an_open_wooden_drawer_in_a_high-end_pe_0e2b355c-9fd1-47ec-89ec-96fe26f5ef2b-150x150.png 150w, https:\/\/emmirmilano.com\/wp-content\/uploads\/2025\/04\/uzziel_46452_close-up_of_an_open_wooden_drawer_in_a_high-end_pe_0e2b355c-9fd1-47ec-89ec-96fe26f5ef2b-300x300.png 300w, https:\/\/emmirmilano.com\/wp-content\/uploads\/2025\/04\/uzziel_46452_close-up_of_an_open_wooden_drawer_in_a_high-end_pe_0e2b355c-9fd1-47ec-89ec-96fe26f5ef2b-441x441.png 441w, https:\/\/emmirmilano.com\/wp-content\/uploads\/2025\/04\/uzziel_46452_close-up_of_an_open_wooden_drawer_in_a_high-end_pe_0e2b355c-9fd1-47ec-89ec-96fe26f5ef2b-100x100.png 100w\" sizes=\"(max-width: 360px) 147px, (max-width: 700px) 100vw, 700px\" \/><br \/>\n\t\t\t\t\t\t\t\t\t\t\t\t\t\t\t<img decoding=\"async\" width=\"1024\" height=\"1024\" src=\"https:\/\/emmirmilano.com\/wp-content\/uploads\/2025\/04\/uzziel_46452_close-up_of_a_wooden_shelf_in_a_luxury_perfume_lab_82ba2986-d406-4407-8bf3-795d3e608532.png\" alt=\"\" srcset=\"https:\/\/emmirmilano.com\/wp-content\/uploads\/2025\/04\/uzziel_46452_close-up_of_a_wooden_shelf_in_a_luxury_perfume_lab_82ba2986-d406-4407-8bf3-795d3e608532.png 1024w, https:\/\/emmirmilano.com\/wp-content\/uploads\/2025\/04\/uzziel_46452_close-up_of_a_wooden_shelf_in_a_luxury_perfume_lab_82ba2986-d406-4407-8bf3-795d3e608532-150x150.png 150w, https:\/\/emmirmilano.com\/wp-content\/uploads\/2025\/04\/uzziel_46452_close-up_of_a_wooden_shelf_in_a_luxury_perfume_lab_82ba2986-d406-4407-8bf3-795d3e608532-800x800.png 800w, https:\/\/emmirmilano.com\/wp-content\/uploads\/2025\/04\/uzziel_46452_close-up_of_a_wooden_shelf_in_a_luxury_perfume_lab_82ba2986-d406-4407-8bf3-795d3e608532-300x300.png 300w, https:\/\/emmirmilano.com\/wp-content\/uploads\/2025\/04\/uzziel_46452_close-up_of_a_wooden_shelf_in_a_luxury_perfume_lab_82ba2986-d406-4407-8bf3-795d3e608532-768x768.png 768w, https:\/\/emmirmilano.com\/wp-content\/uploads\/2025\/04\/uzziel_46452_close-up_of_a_wooden_shelf_in_a_luxury_perfume_lab_82ba2986-d406-4407-8bf3-795d3e608532-990x990.png 990w, https:\/\/emmirmilano.com\/wp-content\/uploads\/2025\/04\/uzziel_46452_close-up_of_a_wooden_shelf_in_a_luxury_perfume_lab_82ba2986-d406-4407-8bf3-795d3e608532-441x441.png 441w, https:\/\/emmirmilano.com\/wp-content\/uploads\/2025\/04\/uzziel_46452_close-up_of_a_wooden_shelf_in_a_luxury_perfume_lab_82ba2986-d406-4407-8bf3-795d3e608532-100x100.png 100w\" sizes=\"(max-width: 360px) 147px, (max-width: 1024px) 100vw, 1024px\" \/>\n\t\t<\/p>\n<p>Nel cuore della splendida citt\u00e0 di Milano, c&#8217;\u00e8 un luogo straordinario conosciuto come EMMIR MILANO. Questo paradiso etereo della profumeria italiana \u00e8 molto pi\u00f9 di una semplice casa di produzione; \u00e8 una destinazione affascinante dove i sogni si trasformano in fragranze e i sensi prendono vita. Dal momento in cui varchi la soglia, vieni avvolto da un mix inebriante di aromi squisiti e da un\u2019atmosfera piena di eleganza. Ogni angolo \u00e8 meticolosamente progettato per trasportare i visitatori in un mondo di bellezza olfattiva.<br data-start=\"582\" data-end=\"585\">Ogni fragranza \u00e8 una sinfonia accuratamente composta di note squisite e accordi incantevoli. Dagli agrumi frizzanti di una mattina sulla Costiera Amalfitana alle note sensuali di un giardino in fiore in Toscana, ogni profumo \u00e8 una finestra aperta sui paesaggi e le esperienze pi\u00f9 belli d\u2019Italia.<br data-start=\"880\" data-end=\"883\">C&#8217;\u00e8 una profonda enfasi sull\u2019artigianalit\u00e0 e sulla qualit\u00e0 in ogni aspetto del loro lavoro \u2014 dalla selezione degli ingredienti pi\u00f9 rari e preziosi al design meticoloso di ogni flacone. Ogni profumo di EMMIR MILANO \u00e8 un\u2019opera d\u2019arte che parla da sola, un gioiello etereo che cattura l\u2019essenza stessa della profumeria italiana.<\/p>\n<p data-start=\"899\" data-end=\"1153\">\n<p data-start=\"899\" data-end=\"1153\"><img decoding=\"async\" src=\"https:\/\/emmirmilano.com\/wp-content\/uploads\/2025\/07\/504374979_18228938077292315_3541842211376425706_n.jpg\" alt=\"\" width=\"1284\" height=\"1606\"><\/p>\n<h1>Emmir Milano di Chris Maurice<\/h1>\n<p data-start=\"53\" data-end=\"475\">Chris Maurice \u00e8 il maestro profumiere dietro le squisite fragranze di Emmir Milano. Con anni di esperienza e un profondo amore per l\u2019arte della profumeria, Carbonnel si \u00e8 guadagnato un posto di rilievo nel settore delle fragranze di lusso. Il suo approccio \u00e8 unico: crea composizioni olfattive che vanno oltre una semplice fragranza, cercando di catturare l\u2019essenza e l\u2019anima delle citt\u00e0 italiane che ispirano ciascuna delle sue creazioni.<\/p>\n<p data-start=\"477\" data-end=\"897\">Grazie alla sua capacit\u00e0 di combinare note complesse e sofisticate, Cristian \u00e8 riuscito a creare profumi che raccontano una storia, avvolgendo e trasportando chi li indossa in un mondo sensoriale ricco di emozioni e sensazioni. Ogni fragranza Emmir Milano riflette non solo la tradizione olfattiva della profumeria italiana, ma anche una visione moderna e fresca che trasforma ogni profumo in un\u2019esperienza unica e lussuosa.<\/p>\n<p data-start=\"899\" data-end=\"1153\">Sotto la direzione di Carbonnel, Emmir Milano si \u00e8 affermata come un marchio di profumi esclusivi, dove ogni creazione \u00e8 un\u2019opera d\u2019arte che evoca ricordi, emozioni e un profondo legame con l\u2019eleganza e la raffinatezza del mondo olfattivo.<\/p>\n","protected":false},"excerpt":{"rendered":"<p>Casa Emmir Milano Nel cuore della splendida citt\u00e0 di Milano, c&#8217;\u00e8 un luogo straordinario conosciuto come EMMIR MILANO. Questo paradiso etereo della profumeria italiana \u00e8 molto pi\u00f9 di una semplice casa di produzione; \u00e8 una destinazione affascinante dove i sogni si trasformano in fragranze e i sensi prendono vita. Dal momento in cui varchi la &#8230; <a title=\"HOUSE OF EMMIR 2025\" class=\"read-more\" href=\"https:\/\/emmirmilano.com\/it\/house-of-emmir-2025\/\" aria-label=\"Per saperne di pi\u00f9 su HOUSE OF EMMIR 2025\">Leggi tutto<\/a><\/p>\n","protected":false},"author":7,"featured_media":0,"parent":0,"menu_order":0,"comment_status":"closed","ping_status":"closed","template":"elementor_header_footer","meta":{"footnotes":""},"class_list":["post-12605","page","type-page","status-publish"],"_links":{"self":[{"href":"https:\/\/emmirmilano.com\/it\/wp-json\/wp\/v2\/pages\/12605","targetHints":{"allow":["GET"]}}],"collection":[{"href":"https:\/\/emmirmilano.com\/it\/wp-json\/wp\/v2\/pages"}],"about":[{"href":"https:\/\/emmirmilano.com\/it\/wp-json\/wp\/v2\/types\/page"}],"author":[{"embeddable":true,"href":"https:\/\/emmirmilano.com\/it\/wp-json\/wp\/v2\/users\/7"}],"replies":[{"embeddable":true,"href":"https:\/\/emmirmilano.com\/it\/wp-json\/wp\/v2\/comments?post=12605"}],"version-history":[{"count":0,"href":"https:\/\/emmirmilano.com\/it\/wp-json\/wp\/v2\/pages\/12605\/revisions"}],"wp:attachment":[{"href":"https:\/\/emmirmilano.com\/it\/wp-json\/wp\/v2\/media?parent=12605"}],"curies":[{"name":"wp","href":"https:\/\/api.w.org\/{rel}","templated":true}]}}