{"id":12334,"date":"2025-04-22T21:04:24","date_gmt":"2025-04-22T21:04:24","guid":{"rendered":"https:\/\/emmirmilano.com\/product\/genova-2\/"},"modified":"2026-03-03T05:12:08","modified_gmt":"2026-03-03T05:12:08","slug":"genova-2","status":"publish","type":"product","link":"https:\/\/emmirmilano.com\/es\/producto\/genova-2\/","title":{"rendered":"GENOVA"},"content":{"rendered":"<p>G\u00e9nova tiene un encanto afrutado y floral que representa un viaje por la pintoresca costa italiana.<\/p>\n<p><strong>50 ML<\/strong><\/p>\n<ul>\n<li>Env\u00edo gratuito<\/li>\n<li>Haz tu pedido antes de las 14.30 h para recibirlo el mismo d\u00eda.<\/li>\n<\/ul>\n<p>\t\t\t\t\t<a href=\"https:\/\/emmirmilano.com\/?add-to-cart=10700&#038;quantity=1\"><br \/>\n\t\t\t\t\t\t\t\t\tHaz tu pedido<br \/>\n\t\t\t\t\t<\/a><\/p>\n","protected":false},"excerpt":{"rendered":"<p>Se trata de un perfume que encarna la esencia de G\u00e9nova, una ciudad situada en el Mediterr\u00e1neo, donde la brisa salada se funde con el car\u00e1cter mar\u00edtimo del puerto. Esta fragancia evoca la frescura del mar, la elegancia de la navegaci\u00f3n y la historia que fluye a trav\u00e9s de las olas.<\/p>\n","protected":false},"featured_media":13862,"template":"","meta":[],"product_brand":[],"product_cat":[147],"product_tag":[],"class_list":{"0":"post-12334","1":"product","2":"type-product","3":"status-publish","4":"has-post-thumbnail","6":"product_cat-aroma-floral-afrutado","8":"first","9":"instock","10":"shipping-taxable","11":"purchasable","12":"product-type-simple"},"_links":{"self":[{"href":"https:\/\/emmirmilano.com\/es\/wp-json\/wp\/v2\/product\/12334","targetHints":{"allow":["GET"]}}],"collection":[{"href":"https:\/\/emmirmilano.com\/es\/wp-json\/wp\/v2\/product"}],"about":[{"href":"https:\/\/emmirmilano.com\/es\/wp-json\/wp\/v2\/types\/product"}],"wp:featuredmedia":[{"embeddable":true,"href":"https:\/\/emmirmilano.com\/es\/wp-json\/wp\/v2\/media\/13862"}],"wp:attachment":[{"href":"https:\/\/emmirmilano.com\/es\/wp-json\/wp\/v2\/media?parent=12334"}],"wp:term":[{"taxonomy":"product_brand","embeddable":true,"href":"https:\/\/emmirmilano.com\/es\/wp-json\/wp\/v2\/product_brand?post=12334"},{"taxonomy":"product_cat","embeddable":true,"href":"https:\/\/emmirmilano.com\/es\/wp-json\/wp\/v2\/product_cat?post=12334"},{"taxonomy":"product_tag","embeddable":true,"href":"https:\/\/emmirmilano.com\/es\/wp-json\/wp\/v2\/product_tag?post=12334"}],"curies":[{"name":"wp","href":"https:\/\/api.w.org\/{rel}","templated":true}]}}