{"id":12332,"date":"2025-04-22T21:16:32","date_gmt":"2025-04-22T21:16:32","guid":{"rendered":"https:\/\/emmirmilano.com\/product\/di-parma-2\/"},"modified":"2025-05-13T13:38:37","modified_gmt":"2025-05-13T13:38:37","slug":"di-parma-2","status":"publish","type":"product","link":"https:\/\/emmirmilano.com\/es\/producto\/di-parma-2\/","title":{"rendered":"DI PARMA"},"content":{"rendered":"<p>Di Parma es elegante, con influencias amaderadas y florales que transmiten la personalidad acogedora de la ciudad.<\/p>\n<p><strong>50 ML  <\/strong><\/p>\n<ul>\n<li>Env\u00edo gratuito<\/li>\n<li>Haz tu pedido antes de las 14.30 h para recibirlo el mismo d\u00eda.<\/li>\n<\/ul>\n<p>\t\t\t\t\t<a href=\"https:\/\/emmirmilano.com\/?add-to-cart=10709&#038;quantity=1\"><br \/>\n\t\t\t\t\t\t\t\t\tHaz tu pedido<br \/>\n\t\t\t\t\t<\/a><\/p>\n","protected":false},"excerpt":{"rendered":"<p>Este perfume captura la luz y la esencia de Parma, una encantadora ciudad de la regi\u00f3n de Emilia-Roma\u00f1a, conocida por su rico patrimonio culinario, su m\u00fasica y su elegancia. Esta fragancia evoca la frescura, la autenticidad y la gracia que definen a la ciudad. Es un homenaje a la pintoresca ciudad que ha dado al mundo un estilo de vida c\u00e1lido y acogedor.<\/p>\n","protected":false},"featured_media":13836,"template":"","meta":[],"product_brand":[],"product_cat":[152],"product_tag":[],"class_list":{"0":"post-12332","1":"product","2":"type-product","3":"status-publish","4":"has-post-thumbnail","6":"product_cat-aroma-amaderado-y-floral","8":"first","9":"instock","10":"shipping-taxable","11":"purchasable","12":"product-type-simple"},"_links":{"self":[{"href":"https:\/\/emmirmilano.com\/es\/wp-json\/wp\/v2\/product\/12332","targetHints":{"allow":["GET"]}}],"collection":[{"href":"https:\/\/emmirmilano.com\/es\/wp-json\/wp\/v2\/product"}],"about":[{"href":"https:\/\/emmirmilano.com\/es\/wp-json\/wp\/v2\/types\/product"}],"wp:featuredmedia":[{"embeddable":true,"href":"https:\/\/emmirmilano.com\/es\/wp-json\/wp\/v2\/media\/13836"}],"wp:attachment":[{"href":"https:\/\/emmirmilano.com\/es\/wp-json\/wp\/v2\/media?parent=12332"}],"wp:term":[{"taxonomy":"product_brand","embeddable":true,"href":"https:\/\/emmirmilano.com\/es\/wp-json\/wp\/v2\/product_brand?post=12332"},{"taxonomy":"product_cat","embeddable":true,"href":"https:\/\/emmirmilano.com\/es\/wp-json\/wp\/v2\/product_cat?post=12332"},{"taxonomy":"product_tag","embeddable":true,"href":"https:\/\/emmirmilano.com\/es\/wp-json\/wp\/v2\/product_tag?post=12332"}],"curies":[{"name":"wp","href":"https:\/\/api.w.org\/{rel}","templated":true}]}}