{"id":12330,"date":"2025-04-22T21:19:25","date_gmt":"2025-04-22T21:19:25","guid":{"rendered":"https:\/\/emmirmilano.com\/product\/firenze-2\/"},"modified":"2025-05-13T13:37:41","modified_gmt":"2025-05-13T13:37:41","slug":"firenze-2","status":"publish","type":"product","link":"https:\/\/emmirmilano.com\/es\/producto\/firenze-2\/","title":{"rendered":"FIRENZE"},"content":{"rendered":"<p>Florencia tiene una personalidad arom\u00e1tica, amaderada y ambarina que representa la pasi\u00f3n por la belleza del arte y la historia.<\/p>\n<p><strong>50 ML<\/strong><\/p>\n<ul>\n<li>Env\u00edo gratuito<\/li>\n<li>Haz tu pedido antes de las 14.30 h para recibirlo el mismo d\u00eda.<\/li>\n<\/ul>\n<p>\t\t\t\t\t<a href=\"https:\/\/emmirmilano.com\/?add-to-cart=10714&#038;quantity=1\"><br \/>\n\t\t\t\t\t\t\t\t\tHaz tu pedido<br \/>\n\t\t\t\t\t<\/a><\/p>\n","protected":false},"excerpt":{"rendered":"<p>Florencia es un perfume que capta la esencia de la primavera, la estaci\u00f3n en que la ciudad despierta con una explosi\u00f3n de color y vida. Representa la frescura, la elegancia y la alegr\u00eda que acompa\u00f1an la llegada de la primavera en esta ciudad famosa por su arquitectura, su arte y su cultura.<\/p>\n","protected":false},"featured_media":13821,"template":"","meta":[],"product_brand":[],"product_cat":[153],"product_tag":[],"class_list":{"0":"post-12330","1":"product","2":"type-product","3":"status-publish","4":"has-post-thumbnail","6":"product_cat-aromatico-amaderado-y-ambar","8":"first","9":"instock","10":"shipping-taxable","11":"purchasable","12":"product-type-simple"},"_links":{"self":[{"href":"https:\/\/emmirmilano.com\/es\/wp-json\/wp\/v2\/product\/12330","targetHints":{"allow":["GET"]}}],"collection":[{"href":"https:\/\/emmirmilano.com\/es\/wp-json\/wp\/v2\/product"}],"about":[{"href":"https:\/\/emmirmilano.com\/es\/wp-json\/wp\/v2\/types\/product"}],"wp:featuredmedia":[{"embeddable":true,"href":"https:\/\/emmirmilano.com\/es\/wp-json\/wp\/v2\/media\/13821"}],"wp:attachment":[{"href":"https:\/\/emmirmilano.com\/es\/wp-json\/wp\/v2\/media?parent=12330"}],"wp:term":[{"taxonomy":"product_brand","embeddable":true,"href":"https:\/\/emmirmilano.com\/es\/wp-json\/wp\/v2\/product_brand?post=12330"},{"taxonomy":"product_cat","embeddable":true,"href":"https:\/\/emmirmilano.com\/es\/wp-json\/wp\/v2\/product_cat?post=12330"},{"taxonomy":"product_tag","embeddable":true,"href":"https:\/\/emmirmilano.com\/es\/wp-json\/wp\/v2\/product_tag?post=12330"}],"curies":[{"name":"wp","href":"https:\/\/api.w.org\/{rel}","templated":true}]}}