{"id":12324,"date":"2025-04-22T21:29:17","date_gmt":"2025-04-22T21:29:17","guid":{"rendered":"https:\/\/emmirmilano.com\/product\/verona-2\/"},"modified":"2025-05-13T13:35:26","modified_gmt":"2025-05-13T13:35:26","slug":"verona-2","status":"publish","type":"product","link":"https:\/\/emmirmilano.com\/es\/producto\/verona-2\/","title":{"rendered":"VERONA"},"content":{"rendered":"<p>Verona es una lluvia floral y afrutada que representa la pasi\u00f3n de una ciudad que inspira miles de historias de amor a trav\u00e9s de sus rom\u00e1nticas calles.<\/p>\n<p><strong>50 ML<\/strong><\/p>\n<ul>\n<li>Env\u00edo gratuito<\/li>\n<li>Haz tu pedido antes de las 14.30 h para recibirlo el mismo d\u00eda.<\/li>\n<\/ul>\n<p>\t\t\t\t\t<a href=\"https:\/\/emmirmilano.com\/?add-to-cart=10729&#038;quantity=1\"><br \/>\n\t\t\t\t\t\t\t\t\tHaz tu pedido<br \/>\n\t\t\t\t\t<\/a><\/p>\n","protected":false},"excerpt":{"rendered":"<p>Este perfume encierra la esencia de la m\u00e1gica ciudad situada en el norte de Italia, conocida por su historia rom\u00e1ntica, su arquitectura antigua y su amor eterno, celebrado en la famosa obra de Shakespeare <em data-start=\"200\" data-end=\"218\">Romeo y Julieta<\/em>. Esta fragancia evoca la elegancia de la ciudad, la pasi\u00f3n del amor y la autenticidad de su patrimonio. Es un homenaje a la ciudad que ha sido s\u00edmbolo del romanticismo durante siglos.<\/p>\n","protected":false},"featured_media":13754,"template":"","meta":[],"product_brand":[],"product_cat":[147],"product_tag":[],"class_list":{"0":"post-12324","1":"product","2":"type-product","3":"status-publish","4":"has-post-thumbnail","6":"product_cat-aroma-floral-afrutado","8":"first","9":"instock","10":"shipping-taxable","11":"purchasable","12":"product-type-simple"},"_links":{"self":[{"href":"https:\/\/emmirmilano.com\/es\/wp-json\/wp\/v2\/product\/12324","targetHints":{"allow":["GET"]}}],"collection":[{"href":"https:\/\/emmirmilano.com\/es\/wp-json\/wp\/v2\/product"}],"about":[{"href":"https:\/\/emmirmilano.com\/es\/wp-json\/wp\/v2\/types\/product"}],"wp:featuredmedia":[{"embeddable":true,"href":"https:\/\/emmirmilano.com\/es\/wp-json\/wp\/v2\/media\/13754"}],"wp:attachment":[{"href":"https:\/\/emmirmilano.com\/es\/wp-json\/wp\/v2\/media?parent=12324"}],"wp:term":[{"taxonomy":"product_brand","embeddable":true,"href":"https:\/\/emmirmilano.com\/es\/wp-json\/wp\/v2\/product_brand?post=12324"},{"taxonomy":"product_cat","embeddable":true,"href":"https:\/\/emmirmilano.com\/es\/wp-json\/wp\/v2\/product_cat?post=12324"},{"taxonomy":"product_tag","embeddable":true,"href":"https:\/\/emmirmilano.com\/es\/wp-json\/wp\/v2\/product_tag?post=12324"}],"curies":[{"name":"wp","href":"https:\/\/api.w.org\/{rel}","templated":true}]}}