{"id":12318,"date":"2025-04-22T21:36:13","date_gmt":"2025-04-22T21:36:13","guid":{"rendered":"https:\/\/emmirmilano.com\/product\/venezia\/"},"modified":"2026-03-03T04:50:53","modified_gmt":"2026-03-03T04:50:53","slug":"venezia","status":"publish","type":"product","link":"https:\/\/emmirmilano.com\/es\/producto\/venezia\/","title":{"rendered":"VENEZIA"},"content":{"rendered":"<p>Venecia refleja los c\u00edtricos atemporales y la dulce magia floral de una ciudad que, sin duda, seguir\u00e1 cautivando con cada viaje por sus fant\u00e1sticos canales.<\/p>\n<p><strong>50 ML<\/strong><\/p>\n<ul>\n<li>  Env\u00edo gratuito<\/li>\n<li>Haz tu pedido antes de las 14.30 h para recibirlo el mismo d\u00eda.<\/li>\n<\/ul>\n<p>\t\t\t\t\t<a href=\"https:\/\/emmirmilano.com\/?add-to-cart=10744&#038;quantity=1\"><br \/>\n\t\t\t\t\t\t\t\t\tHaz tu pedido<br \/>\n\t\t\t\t\t<\/a><\/p>\n","protected":false},"excerpt":{"rendered":"<p>Este perfume captura la serenidad m\u00e1gica de Venecia, una ciudad \u00fanica construida sobre el agua, conocida por sus canales llenos de historia y su encanto rom\u00e1ntico. Esta fragancia evoca la elegancia, la tranquilidad y la belleza intemporal que definen la magia de la ciudad.<\/p>\n","protected":false},"featured_media":13720,"template":"","meta":[],"product_brand":[],"product_cat":[149],"product_tag":[],"class_list":{"0":"post-12318","1":"product","2":"type-product","3":"status-publish","4":"has-post-thumbnail","6":"product_cat-floral-con-notas-citricas","8":"first","9":"instock","10":"shipping-taxable","11":"purchasable","12":"product-type-simple"},"_links":{"self":[{"href":"https:\/\/emmirmilano.com\/es\/wp-json\/wp\/v2\/product\/12318","targetHints":{"allow":["GET"]}}],"collection":[{"href":"https:\/\/emmirmilano.com\/es\/wp-json\/wp\/v2\/product"}],"about":[{"href":"https:\/\/emmirmilano.com\/es\/wp-json\/wp\/v2\/types\/product"}],"wp:featuredmedia":[{"embeddable":true,"href":"https:\/\/emmirmilano.com\/es\/wp-json\/wp\/v2\/media\/13720"}],"wp:attachment":[{"href":"https:\/\/emmirmilano.com\/es\/wp-json\/wp\/v2\/media?parent=12318"}],"wp:term":[{"taxonomy":"product_brand","embeddable":true,"href":"https:\/\/emmirmilano.com\/es\/wp-json\/wp\/v2\/product_brand?post=12318"},{"taxonomy":"product_cat","embeddable":true,"href":"https:\/\/emmirmilano.com\/es\/wp-json\/wp\/v2\/product_cat?post=12318"},{"taxonomy":"product_tag","embeddable":true,"href":"https:\/\/emmirmilano.com\/es\/wp-json\/wp\/v2\/product_tag?post=12318"}],"curies":[{"name":"wp","href":"https:\/\/api.w.org\/{rel}","templated":true}]}}