{"id":12314,"date":"2025-04-22T21:39:40","date_gmt":"2025-04-22T21:39:40","guid":{"rendered":"https:\/\/emmirmilano.com\/product\/napoli\/"},"modified":"2026-03-03T04:46:10","modified_gmt":"2026-03-03T04:46:10","slug":"napoli","status":"publish","type":"product","link":"https:\/\/emmirmilano.com\/es\/producto\/napoli\/","title":{"rendered":"NAPOLI"},"content":{"rendered":"<p>N\u00e1poles tiene una personalidad afrutada y floral que simboliza la esencia reconfortante y en\u00e9rgica de la ciudad.<\/p>\n<p>50 ML<\/p>\n<ul>\n<li>Env\u00edo gratuito<\/li>\n<li>Haz tu pedido antes de las 14.30 h para recibirlo el mismo d\u00eda.<\/li>\n<\/ul>\n<p>\t\t\t\t\t<a href=\"https:\/\/emmirmilano.com\/?add-to-cart=10754&#038;quantity=1\"><br \/>\n\t\t\t\t\t\t\t\t\tHaz tu pedido<br \/>\n\t\t\t\t\t<\/a><\/p>\n","protected":false},"excerpt":{"rendered":"<p>Este perfume capta la vibrante energ\u00eda y la rica historia de N\u00e1poles, una apasionante ciudad situada en la costa suroeste de Italia, conocida por su vitalidad, su gastronom\u00eda y su proximidad al monte Vesubio. Esta fragancia evoca la calidez, la intensidad y la autenticidad de la \u00f3pera y la animada vida nocturna que definen a N\u00e1poles.<\/p>\n","protected":false},"featured_media":13705,"template":"","meta":[],"product_brand":[],"product_cat":[147],"product_tag":[],"class_list":{"0":"post-12314","1":"product","2":"type-product","3":"status-publish","4":"has-post-thumbnail","6":"product_cat-aroma-floral-afrutado","8":"first","9":"instock","10":"shipping-taxable","11":"purchasable","12":"product-type-simple"},"_links":{"self":[{"href":"https:\/\/emmirmilano.com\/es\/wp-json\/wp\/v2\/product\/12314","targetHints":{"allow":["GET"]}}],"collection":[{"href":"https:\/\/emmirmilano.com\/es\/wp-json\/wp\/v2\/product"}],"about":[{"href":"https:\/\/emmirmilano.com\/es\/wp-json\/wp\/v2\/types\/product"}],"wp:featuredmedia":[{"embeddable":true,"href":"https:\/\/emmirmilano.com\/es\/wp-json\/wp\/v2\/media\/13705"}],"wp:attachment":[{"href":"https:\/\/emmirmilano.com\/es\/wp-json\/wp\/v2\/media?parent=12314"}],"wp:term":[{"taxonomy":"product_brand","embeddable":true,"href":"https:\/\/emmirmilano.com\/es\/wp-json\/wp\/v2\/product_brand?post=12314"},{"taxonomy":"product_cat","embeddable":true,"href":"https:\/\/emmirmilano.com\/es\/wp-json\/wp\/v2\/product_cat?post=12314"},{"taxonomy":"product_tag","embeddable":true,"href":"https:\/\/emmirmilano.com\/es\/wp-json\/wp\/v2\/product_tag?post=12314"}],"curies":[{"name":"wp","href":"https:\/\/api.w.org\/{rel}","templated":true}]}}