{"id":9033,"date":"2024-08-26T19:09:05","date_gmt":"2024-08-26T19:09:05","guid":{"rendered":"https:\/\/emmirmilano.com\/pongase-en-contacto-con-nosotros-2\/"},"modified":"2025-02-08T00:23:28","modified_gmt":"2025-02-08T00:23:28","slug":"pongase-en-contacto-con-nosotros-2","status":"publish","type":"page","link":"https:\/\/emmirmilano.com\/es\/pongase-en-contacto-con-nosotros-2\/","title":{"rendered":"Inicio"},"content":{"rendered":"<p><strong>Nuestros perfumes<\/strong> son la pura expresi\u00f3n de la pasi\u00f3n artesanal italiana por crear <strong>fragancias \u00fanicas<\/strong>. En cada botella, encontrar\u00e1 una historia cautivadora que se despliega en capas, revelando un <strong>viaje sensorial<\/strong> inolvidable.<\/p>\n<p>\t\t\t\t\t<a role=\"button\"><br \/>\n\t\t\t\t\t\t\t\t\tFragancias<br \/>\n\t\t\t\t\t<\/a><\/p>\n<h2>Los m\u00e1s vendidos<\/h2>\n<p><strong>Detr\u00e1s de cada perfume hay una historia que contar.<\/strong><\/p>\n<h2>Venecia<\/h2>\n<p><strong>Venezia<\/strong> refleja la magia atemporal de los c\u00edtricos y las dulces notas florales de una ciudad que, sin duda, sigue encantando con cada recorrido por sus fant\u00e1sticos canales.<\/p>\n<p><strong>F A M I L I A<\/strong> <strong>O L F A C T I V O<\/strong><\/p>\n<p><strong>C\u00edtrico floral<\/strong><\/p>\n<p>\t\t\t\t\t<a role=\"button\"><br \/>\n\t\t\t\t\t\t\t\t\tCOMPRAR AHORA<br \/>\n\t\t\t\t\t<\/a><\/p>\n<h2>Venezia<\/h2>\n<p><strong>Venezia<\/strong> refleja la magia atemporal de los c\u00edtricos y las dulces notas florales de una ciudad que, sin duda, sigue encantando con cada recorrido por sus fant\u00e1sticos canales.<\/p>\n<p><strong>F A M I L I A<\/strong> <strong>O L F A C T I V O<\/strong><\/p>\n<p><strong>C\u00edtrico floral<\/strong><\/p>\n<p>\t\t\t\t\t<a role=\"button\"><br \/>\n\t\t\t\t\t\t\t\t\tCOMPRAR AHORA<br \/>\n\t\t\t\t\t<\/a><\/p>\n<h2>Mil\u00e1n<\/h2>\n<p><strong>Milano<\/strong> tiene una presencia floral amaderada y verde que representa un viaje por la moda y el lujo de una de las ciudades con mayor influencia creativa del mundo.<\/p>\n<p><strong>F A M I L I A<\/strong> <strong>O L F A C T I V O<\/strong><\/p>\n<p><strong>Floral amaderado<\/strong><\/p>\n<p>\t\t\t\t\t<a role=\"button\"><br \/>\n\t\t\t\t\t\t\t\t\tCOMPRAR AHORA<br \/>\n\t\t\t\t\t<\/a><\/p>\n<h2>Mil\u00e1n<\/h2>\n<p><strong>Milano<\/strong> tiene una presencia floral amaderada y verde que representa un viaje por la moda y el lujo de una de las ciudades con mayor influencia creativa del mundo.<\/p>\n<p><strong>F A M I L I A<\/strong> <strong>O L F A C T I V O<\/strong><\/p>\n<p><strong>Floral amaderado<\/strong><\/p>\n<p>\t\t\t\t\t<a role=\"button\"><br \/>\n\t\t\t\t\t\t\t\t\tCOMPRAR AHORA<br \/>\n\t\t\t\t\t<\/a><\/p>\n<h2>Aromas italianos: Pasi\u00f3n y arte en cada fragancia<\/h2>\n<p><strong>Descubra<\/strong> el fascinante universo de nuestras fragancias, donde cada aroma es una aut\u00e9ntica expresi\u00f3n de la <strong>pasi\u00f3n<\/strong> y la <strong>artesan\u00eda italiana<\/strong> en la creaci\u00f3n de experiencias olfativas inigualables.<\/p>\n<h2>WOODY<\/h2>\n<h2>FRUITY<\/h2>\n<h2>FLORAL<\/h2>\n<h2>GOURMAND<\/h2>\n<h2>\u00c1MBAR<\/h2>\n<p>\t\t\t\t<svg aria-hidden=\"true\" viewBox=\"0 0 1000 1000\" xmlns=\"http:\/\/www.w3.org\/2000\/svg\"><path d=\"M646 125C629 125 613 133 604 142L308 442C296 454 292 471 292 487 292 504 296 521 308 533L604 854C617 867 629 875 646 875 663 875 679 871 692 858 704 846 713 829 713 812 713 796 708 779 692 767L438 487 692 225C700 217 708 204 708 187 708 171 704 154 692 142 675 129 663 125 646 125Z\"><\/path><\/svg><br \/>\n\t\t\t\t<svg aria-hidden=\"true\" viewBox=\"0 0 1000 1000\" xmlns=\"http:\/\/www.w3.org\/2000\/svg\"><path d=\"M696 533C708 521 713 504 713 487 713 471 708 454 696 446L400 146C388 133 375 125 354 125 338 125 325 129 313 142 300 154 292 171 292 187 292 204 296 221 308 233L563 492 304 771C292 783 288 800 288 817 288 833 296 850 308 863 321 871 338 875 354 875 371 875 388 867 400 854L696 533Z\"><\/path><\/svg>\t\t\t<\/p>\n<h2>WOODY<\/h2>\n<h2>FRUITY<\/h2>\n<h2>FLORAL<\/h2>\n<h2>GOURMAND<\/h2>\n<h2>\u00c1MBAR<\/h2>\n<h2>Somos el legado y la tradici\u00f3n mezclados para crear el futuro de la perfumer\u00eda italiana.<\/h2>\n<p>\t\t\t\t\t<a role=\"button\"><br \/>\n\t\t\t\t\t\t\t\t\tPERFUMES<br \/>\n\t\t\t\t\t<\/a><\/p>\n<h2>Toscana<\/h2>\n<p>Descubra la magia de Toscana en cada gota. Una fragancia que captura la elegancia, la vitalidad y la armon\u00eda de esta regi\u00f3n italiana. Sum\u00e9rjase en la experiencia completa y d\u00e9jese abrazar por la esencia de la belleza toscana.<\/p>\n<p>\t\t\t\t\t<a role=\"button\"><br \/>\n\t\t\t\t\t\t\t\t\tCOMPRAR AHORA<br \/>\n\t\t\t\t\t<\/a><br \/>\n\t\t\t\t\t\t\t\t\t\t\t\t\t\t\t<img decoding=\"async\" width=\"1024\" height=\"1024\" src=\"https:\/\/emmirmilano.com\/wp-content\/uploads\/2024\/02\/fondo-toscana.webp\" alt=\"\" srcset=\"https:\/\/emmirmilano.com\/wp-content\/uploads\/2024\/02\/fondo-toscana.webp 1024w, https:\/\/emmirmilano.com\/wp-content\/uploads\/2024\/02\/fondo-toscana-300x300.webp 300w, https:\/\/emmirmilano.com\/wp-content\/uploads\/2024\/02\/fondo-toscana-150x150.webp 150w, https:\/\/emmirmilano.com\/wp-content\/uploads\/2024\/02\/fondo-toscana-768x768.webp 768w, https:\/\/emmirmilano.com\/wp-content\/uploads\/2024\/02\/fondo-toscana-990x990.webp 990w, https:\/\/emmirmilano.com\/wp-content\/uploads\/2024\/02\/fondo-toscana-441x441.webp 441w, https:\/\/emmirmilano.com\/wp-content\/uploads\/2024\/02\/fondo-toscana-100x100.webp 100w, https:\/\/emmirmilano.com\/wp-content\/uploads\/2024\/02\/fondo-toscana-800x800.webp 800w\" sizes=\"(max-width: 360px) 147px, (max-width: 1024px) 100vw, 1024px\" \/><\/p>\n","protected":false},"excerpt":{"rendered":"<p>Nuestros perfumes son la pura expresi\u00f3n de la pasi\u00f3n artesanal italiana por crear fragancias \u00fanicas. En cada botella, encontrar\u00e1 una historia cautivadora que se despliega en capas, revelando un viaje sensorial inolvidable. Fragancias Los m\u00e1s vendidos Detr\u00e1s de cada perfume hay una historia que contar. Venecia Venezia refleja la magia atemporal de los c\u00edtricos y &#8230; <a title=\"Inicio\" class=\"read-more\" href=\"https:\/\/emmirmilano.com\/es\/pongase-en-contacto-con-nosotros-2\/\" aria-label=\"Leer m\u00e1s sobre Inicio\">Leer m\u00e1s<\/a><\/p>\n","protected":false},"author":7,"featured_media":0,"parent":0,"menu_order":0,"comment_status":"closed","ping_status":"closed","template":"template-canvas.php","meta":{"footnotes":""},"class_list":["post-9033","page","type-page","status-publish"],"_links":{"self":[{"href":"https:\/\/emmirmilano.com\/es\/wp-json\/wp\/v2\/pages\/9033","targetHints":{"allow":["GET"]}}],"collection":[{"href":"https:\/\/emmirmilano.com\/es\/wp-json\/wp\/v2\/pages"}],"about":[{"href":"https:\/\/emmirmilano.com\/es\/wp-json\/wp\/v2\/types\/page"}],"author":[{"embeddable":true,"href":"https:\/\/emmirmilano.com\/es\/wp-json\/wp\/v2\/users\/7"}],"replies":[{"embeddable":true,"href":"https:\/\/emmirmilano.com\/es\/wp-json\/wp\/v2\/comments?post=9033"}],"version-history":[{"count":0,"href":"https:\/\/emmirmilano.com\/es\/wp-json\/wp\/v2\/pages\/9033\/revisions"}],"wp:attachment":[{"href":"https:\/\/emmirmilano.com\/es\/wp-json\/wp\/v2\/media?parent=9033"}],"curies":[{"name":"wp","href":"https:\/\/api.w.org\/{rel}","templated":true}]}}