{"id":12743,"date":"2025-04-26T20:37:23","date_gmt":"2025-04-26T20:37:23","guid":{"rendered":"https:\/\/emmirmilano.com\/casa-de-emmir-milano\/"},"modified":"2025-07-04T14:07:53","modified_gmt":"2025-07-04T14:07:53","slug":"casa-de-emmir-milano","status":"publish","type":"page","link":"https:\/\/emmirmilano.com\/es\/casa-de-emmir-milano\/","title":{"rendered":"CASA DE EMMIR MILANO"},"content":{"rendered":"<h2>La Casa de Emmir Milano.<br \/>\n<\/h2>\n<p>\t\t\t\t\t\t\t\t\t\t\t\t\t\t\t<img decoding=\"async\" width=\"1024\" height=\"1024\" src=\"https:\/\/emmirmilano.com\/wp-content\/uploads\/2025\/04\/uzziel_46452_close-up_of_a_luxury_perfume_laboratory_table_glas_5ca7a6b9-e1ae-4757-909b-e831c340ee77.png\" alt=\"\" srcset=\"https:\/\/emmirmilano.com\/wp-content\/uploads\/2025\/04\/uzziel_46452_close-up_of_a_luxury_perfume_laboratory_table_glas_5ca7a6b9-e1ae-4757-909b-e831c340ee77.png 1024w, https:\/\/emmirmilano.com\/wp-content\/uploads\/2025\/04\/uzziel_46452_close-up_of_a_luxury_perfume_laboratory_table_glas_5ca7a6b9-e1ae-4757-909b-e831c340ee77-150x150.png 150w, https:\/\/emmirmilano.com\/wp-content\/uploads\/2025\/04\/uzziel_46452_close-up_of_a_luxury_perfume_laboratory_table_glas_5ca7a6b9-e1ae-4757-909b-e831c340ee77-800x800.png 800w, https:\/\/emmirmilano.com\/wp-content\/uploads\/2025\/04\/uzziel_46452_close-up_of_a_luxury_perfume_laboratory_table_glas_5ca7a6b9-e1ae-4757-909b-e831c340ee77-300x300.png 300w, https:\/\/emmirmilano.com\/wp-content\/uploads\/2025\/04\/uzziel_46452_close-up_of_a_luxury_perfume_laboratory_table_glas_5ca7a6b9-e1ae-4757-909b-e831c340ee77-768x768.png 768w, https:\/\/emmirmilano.com\/wp-content\/uploads\/2025\/04\/uzziel_46452_close-up_of_a_luxury_perfume_laboratory_table_glas_5ca7a6b9-e1ae-4757-909b-e831c340ee77-990x990.png 990w, https:\/\/emmirmilano.com\/wp-content\/uploads\/2025\/04\/uzziel_46452_close-up_of_a_luxury_perfume_laboratory_table_glas_5ca7a6b9-e1ae-4757-909b-e831c340ee77-441x441.png 441w, https:\/\/emmirmilano.com\/wp-content\/uploads\/2025\/04\/uzziel_46452_close-up_of_a_luxury_perfume_laboratory_table_glas_5ca7a6b9-e1ae-4757-909b-e831c340ee77-100x100.png 100w\" sizes=\"(max-width: 360px) 147px, (max-width: 1024px) 100vw, 1024px\" \/><br \/>\n\t\t\t\t\t\t\t\t\t\t\t\t\t\t\t<img decoding=\"async\" width=\"700\" height=\"700\" src=\"https:\/\/emmirmilano.com\/wp-content\/uploads\/2025\/04\/uzziel_46452_close-up_of_glass_jars_filled_with_rose_petals_cit_57a4aeaa-3a3f-4de9-9e2d-0a6a6d3a338e.png\" alt=\"\" srcset=\"https:\/\/emmirmilano.com\/wp-content\/uploads\/2025\/04\/uzziel_46452_close-up_of_glass_jars_filled_with_rose_petals_cit_57a4aeaa-3a3f-4de9-9e2d-0a6a6d3a338e.png 700w, https:\/\/emmirmilano.com\/wp-content\/uploads\/2025\/04\/uzziel_46452_close-up_of_glass_jars_filled_with_rose_petals_cit_57a4aeaa-3a3f-4de9-9e2d-0a6a6d3a338e-150x150.png 150w, https:\/\/emmirmilano.com\/wp-content\/uploads\/2025\/04\/uzziel_46452_close-up_of_glass_jars_filled_with_rose_petals_cit_57a4aeaa-3a3f-4de9-9e2d-0a6a6d3a338e-300x300.png 300w, https:\/\/emmirmilano.com\/wp-content\/uploads\/2025\/04\/uzziel_46452_close-up_of_glass_jars_filled_with_rose_petals_cit_57a4aeaa-3a3f-4de9-9e2d-0a6a6d3a338e-441x441.png 441w, https:\/\/emmirmilano.com\/wp-content\/uploads\/2025\/04\/uzziel_46452_close-up_of_glass_jars_filled_with_rose_petals_cit_57a4aeaa-3a3f-4de9-9e2d-0a6a6d3a338e-100x100.png 100w\" sizes=\"(max-width: 360px) 147px, (max-width: 700px) 100vw, 700px\" \/><br \/>\n\t\t\t\t\t\t\t\t\t\t\t\t\t\t\t<img decoding=\"async\" width=\"700\" height=\"700\" src=\"https:\/\/emmirmilano.com\/wp-content\/uploads\/2025\/04\/uzziel_46452_close-up_of_an_open_wooden_drawer_in_a_high-end_pe_0e2b355c-9fd1-47ec-89ec-96fe26f5ef2b.png\" alt=\"\" srcset=\"https:\/\/emmirmilano.com\/wp-content\/uploads\/2025\/04\/uzziel_46452_close-up_of_an_open_wooden_drawer_in_a_high-end_pe_0e2b355c-9fd1-47ec-89ec-96fe26f5ef2b.png 700w, https:\/\/emmirmilano.com\/wp-content\/uploads\/2025\/04\/uzziel_46452_close-up_of_an_open_wooden_drawer_in_a_high-end_pe_0e2b355c-9fd1-47ec-89ec-96fe26f5ef2b-150x150.png 150w, https:\/\/emmirmilano.com\/wp-content\/uploads\/2025\/04\/uzziel_46452_close-up_of_an_open_wooden_drawer_in_a_high-end_pe_0e2b355c-9fd1-47ec-89ec-96fe26f5ef2b-300x300.png 300w, https:\/\/emmirmilano.com\/wp-content\/uploads\/2025\/04\/uzziel_46452_close-up_of_an_open_wooden_drawer_in_a_high-end_pe_0e2b355c-9fd1-47ec-89ec-96fe26f5ef2b-441x441.png 441w, https:\/\/emmirmilano.com\/wp-content\/uploads\/2025\/04\/uzziel_46452_close-up_of_an_open_wooden_drawer_in_a_high-end_pe_0e2b355c-9fd1-47ec-89ec-96fe26f5ef2b-100x100.png 100w\" sizes=\"(max-width: 360px) 147px, (max-width: 700px) 100vw, 700px\" \/><br \/>\n\t\t\t\t\t\t\t\t\t\t\t\t\t\t\t<img decoding=\"async\" width=\"1024\" height=\"1024\" src=\"https:\/\/emmirmilano.com\/wp-content\/uploads\/2025\/04\/uzziel_46452_close-up_of_a_wooden_shelf_in_a_luxury_perfume_lab_82ba2986-d406-4407-8bf3-795d3e608532.png\" alt=\"\" srcset=\"https:\/\/emmirmilano.com\/wp-content\/uploads\/2025\/04\/uzziel_46452_close-up_of_a_wooden_shelf_in_a_luxury_perfume_lab_82ba2986-d406-4407-8bf3-795d3e608532.png 1024w, https:\/\/emmirmilano.com\/wp-content\/uploads\/2025\/04\/uzziel_46452_close-up_of_a_wooden_shelf_in_a_luxury_perfume_lab_82ba2986-d406-4407-8bf3-795d3e608532-150x150.png 150w, https:\/\/emmirmilano.com\/wp-content\/uploads\/2025\/04\/uzziel_46452_close-up_of_a_wooden_shelf_in_a_luxury_perfume_lab_82ba2986-d406-4407-8bf3-795d3e608532-800x800.png 800w, https:\/\/emmirmilano.com\/wp-content\/uploads\/2025\/04\/uzziel_46452_close-up_of_a_wooden_shelf_in_a_luxury_perfume_lab_82ba2986-d406-4407-8bf3-795d3e608532-300x300.png 300w, https:\/\/emmirmilano.com\/wp-content\/uploads\/2025\/04\/uzziel_46452_close-up_of_a_wooden_shelf_in_a_luxury_perfume_lab_82ba2986-d406-4407-8bf3-795d3e608532-768x768.png 768w, https:\/\/emmirmilano.com\/wp-content\/uploads\/2025\/04\/uzziel_46452_close-up_of_a_wooden_shelf_in_a_luxury_perfume_lab_82ba2986-d406-4407-8bf3-795d3e608532-990x990.png 990w, https:\/\/emmirmilano.com\/wp-content\/uploads\/2025\/04\/uzziel_46452_close-up_of_a_wooden_shelf_in_a_luxury_perfume_lab_82ba2986-d406-4407-8bf3-795d3e608532-441x441.png 441w, https:\/\/emmirmilano.com\/wp-content\/uploads\/2025\/04\/uzziel_46452_close-up_of_a_wooden_shelf_in_a_luxury_perfume_lab_82ba2986-d406-4407-8bf3-795d3e608532-100x100.png 100w\" sizes=\"(max-width: 360px) 147px, (max-width: 1024px) 100vw, 1024px\" \/>\n\t\t<\/p>\n<p>En el coraz\u00f3n de la deslumbrante ciudad de Mil\u00e1n, existe un lugar extraordinario conocido como EMMIR MILANO. Este para\u00edso et\u00e9reo de la perfumer\u00eda italiana es mucho m\u00e1s que una casa de producci\u00f3n; es un destino encantador donde los sue\u00f1os se transforman en fragancias y los sentidos cobran vida. Desde el momento en que cruzas el umbral, te envuelve una mezcla embriagadora de aromas exquisitos y una atm\u00f3sfera llena de elegancia. Cada rinc\u00f3n est\u00e1 meticulosamente dise\u00f1ado para transportar a los visitantes a un mundo de belleza olfativa.<br data-start=\"582\" data-end=\"585\">Cada fragancia es una sinfon\u00eda cuidadosamente compuesta de notas exquisitas y acordes encantadores. Desde los c\u00edtricos chispeantes de una ma\u00f1ana en la Costa Amalfitana hasta las notas sensuales de un jard\u00edn floreciente en la Toscana, cada perfume es una ventana abierta a los paisajes y experiencias m\u00e1s bellos de Italia.<br data-start=\"880\" data-end=\"883\">Hay un profundo \u00e9nfasis en la artesan\u00eda y la calidad en cada aspecto de su trabajo, desde la selecci\u00f3n de los ingredientes m\u00e1s raros y preciosos hasta el meticuloso dise\u00f1o de cada frasco. Cada perfume de EMMIR MILANO es una obra de arte que habla por s\u00ed misma, una joya et\u00e9rea que captura la esencia misma de la perfumer\u00eda italiana.<\/p>\n<p data-start=\"899\" data-end=\"1153\">\n<p data-start=\"899\" data-end=\"1153\"><img decoding=\"async\" src=\"https:\/\/emmirmilano.com\/wp-content\/uploads\/2025\/07\/504374979_18228938077292315_3541842211376425706_n.jpg\" alt=\"\" width=\"1284\" height=\"1606\"><\/p>\n<h1>Emmir Milano por Chris Maurice<\/h1>\n<p data-start=\"53\" data-end=\"475\">Chris Maurice es el maestro perfumista detr\u00e1s de las exquisitas fragancias de Emmir Milano. Con a\u00f1os de experiencia y un profundo amor por el arte de la perfumer\u00eda, Carbonnel se ha ganado un lugar destacado en la industria de las fragancias de lujo. Su enfoque es \u00fanico: crea composiciones olfativas que van m\u00e1s all\u00e1 de un simple aroma, buscando capturar la esencia y el alma de las ciudades italianas que inspiran cada una de sus creaciones.<\/p>\n<p data-start=\"477\" data-end=\"897\">Gracias a su habilidad para combinar notas complejas y sofisticadas, Cristian ha logrado crear perfumes que cuentan una historia, envolviendo y transportando a quienes los usan a un mundo sensorial lleno de emociones y sensaciones. Cada fragancia de Emmir Milano refleja no solo la tradici\u00f3n olfativa de la perfumer\u00eda italiana, sino tambi\u00e9n una visi\u00f3n moderna y fresca que convierte cada perfume en una experiencia \u00fanica y lujosa.<\/p>\n<p data-start=\"899\" data-end=\"1153\">Bajo la direcci\u00f3n de Carbonnel, Emmir Milano se ha establecido como una marca de perfumes exclusivos, donde cada creaci\u00f3n es una obra de arte que evoca recuerdos, emociones y una profunda conexi\u00f3n con la elegancia y sofisticaci\u00f3n del mundo olfativo.<\/p>\n","protected":false},"excerpt":{"rendered":"<p>La Casa de Emmir Milano. En el coraz\u00f3n de la deslumbrante ciudad de Mil\u00e1n, existe un lugar extraordinario conocido como EMMIR MILANO. Este para\u00edso et\u00e9reo de la perfumer\u00eda italiana es mucho m\u00e1s que una casa de producci\u00f3n; es un destino encantador donde los sue\u00f1os se transforman en fragancias y los sentidos cobran vida. Desde el &#8230; <a title=\"CASA DE EMMIR MILANO\" class=\"read-more\" href=\"https:\/\/emmirmilano.com\/es\/casa-de-emmir-milano\/\" aria-label=\"Leer m\u00e1s sobre CASA DE EMMIR MILANO\">Leer m\u00e1s<\/a><\/p>\n","protected":false},"author":7,"featured_media":0,"parent":0,"menu_order":0,"comment_status":"closed","ping_status":"closed","template":"elementor_header_footer","meta":{"footnotes":""},"class_list":["post-12743","page","type-page","status-publish"],"_links":{"self":[{"href":"https:\/\/emmirmilano.com\/es\/wp-json\/wp\/v2\/pages\/12743","targetHints":{"allow":["GET"]}}],"collection":[{"href":"https:\/\/emmirmilano.com\/es\/wp-json\/wp\/v2\/pages"}],"about":[{"href":"https:\/\/emmirmilano.com\/es\/wp-json\/wp\/v2\/types\/page"}],"author":[{"embeddable":true,"href":"https:\/\/emmirmilano.com\/es\/wp-json\/wp\/v2\/users\/7"}],"replies":[{"embeddable":true,"href":"https:\/\/emmirmilano.com\/es\/wp-json\/wp\/v2\/comments?post=12743"}],"version-history":[{"count":0,"href":"https:\/\/emmirmilano.com\/es\/wp-json\/wp\/v2\/pages\/12743\/revisions"}],"wp:attachment":[{"href":"https:\/\/emmirmilano.com\/es\/wp-json\/wp\/v2\/media?parent=12743"}],"curies":[{"name":"wp","href":"https:\/\/api.w.org\/{rel}","templated":true}]}}